{"id":3109,"date":"2017-02-22T16:54:06","date_gmt":"2017-02-22T21:54:06","guid":{"rendered":"http:\/\/www.cent.uo.edu.cu\/cnea\/?page_id=3109"},"modified":"2017-02-22T16:54:06","modified_gmt":"2017-02-22T21:54:06","slug":"analisis-integral-de-agua","status":"publish","type":"page","link":"https:\/\/www.cent.uo.edu.cu\/cnea\/analisis-integral-de-agua\/","title":{"rendered":"An\u00e1lisis integral de agua"},"content":{"rendered":"<p>Para el an\u00e1lisis de aguas subterr\u00e1neas, superficiales, para uso de servicio, industrial, agr\u00edcola y recreacional. El mismo contempla:<\/p>\n<p>\u2022 Determinaci\u00f3n de par\u00e1metros f\u00edsico-qu\u00edmicos: dureza total, alcalinidad, cloruros, nitritos, nitratos, sulfatos, sulfuro, s\u00edlice, pH, conductividad el\u00e9ctrica, s\u00f3lidos totales disueltos , s\u00f3lidos totales, ox\u00edgeno disuelto, turbidez. salinidad, temperatura y presi\u00f3n.<br \/>\n\u2022 C\u00e1lculo de los \u00edndices de Langelier y Ryznar para estimar la tendencia incrustante o corrosiva del agua cruda.<br \/>\n\u2022 Determinaci\u00f3n de clorofila a y ficocianina c, presencia de cianobacterias<br \/>\n\u2022 Inspecci\u00f3n visual del cuerpo de agua in situ para detectar fuentes contaminantes y hacer levantamiento de uso y\/o usuarios y el estado de conservaci\u00f3n.<br \/>\n\u2022 Identificaci\u00f3n y recuento de fitoplancton<br \/>\n\u2022 Determinaci\u00f3n in situ de Clorofila, ficocianina y turbidez<\/p>\n","protected":false},"excerpt":{"rendered":"<p>Para el an\u00e1lisis de aguas subterr\u00e1neas, superficiales, para uso de servicio, industrial, agr\u00edcola y recreacional. El mismo contempla: \u2022 Determinaci\u00f3n de par\u00e1metros f\u00edsico-qu\u00edmicos: dureza total, [&#8230;]<\/p>\n","protected":false},"author":14,"featured_media":0,"parent":0,"menu_order":0,"comment_status":"closed","ping_status":"closed","template":"","meta":{"ngg_post_thumbnail":0,"footnotes":""},"class_list":["post-3109","page","type-page","status-publish","hentry"],"_links":{"self":[{"href":"https:\/\/www.cent.uo.edu.cu\/cnea\/wp-json\/wp\/v2\/pages\/3109","targetHints":{"allow":["GET"]}}],"collection":[{"href":"https:\/\/www.cent.uo.edu.cu\/cnea\/wp-json\/wp\/v2\/pages"}],"about":[{"href":"https:\/\/www.cent.uo.edu.cu\/cnea\/wp-json\/wp\/v2\/types\/page"}],"author":[{"embeddable":true,"href":"https:\/\/www.cent.uo.edu.cu\/cnea\/wp-json\/wp\/v2\/users\/14"}],"replies":[{"embeddable":true,"href":"https:\/\/www.cent.uo.edu.cu\/cnea\/wp-json\/wp\/v2\/comments?post=3109"}],"version-history":[{"count":1,"href":"https:\/\/www.cent.uo.edu.cu\/cnea\/wp-json\/wp\/v2\/pages\/3109\/revisions"}],"predecessor-version":[{"id":3111,"href":"https:\/\/www.cent.uo.edu.cu\/cnea\/wp-json\/wp\/v2\/pages\/3109\/revisions\/3111"}],"wp:attachment":[{"href":"https:\/\/www.cent.uo.edu.cu\/cnea\/wp-json\/wp\/v2\/media?parent=3109"}],"curies":[{"name":"wp","href":"https:\/\/api.w.org\/{rel}","templated":true}]}}