{"id":3113,"date":"2017-02-22T17:00:46","date_gmt":"2017-02-22T22:00:46","guid":{"rendered":"http:\/\/www.cent.uo.edu.cu\/cnea\/?page_id=3113"},"modified":"2017-03-06T11:39:21","modified_gmt":"2017-03-06T16:39:21","slug":"asesoria-y-diagnostico-contaminacion-electromagnetica","status":"publish","type":"page","link":"https:\/\/www.cent.uo.edu.cu\/cnea\/asesoria-y-diagnostico-contaminacion-electromagnetica\/","title":{"rendered":"Asesor\u00eda y diagn\u00f3stico de contaminaci\u00f3n electromagn\u00e9tica"},"content":{"rendered":"<p>Realizado por expertos con amplia experiencia en la tem\u00e1tica y respaldado por un sistema de referencia de campo trazable a patrones internacionales, este servicio permite determinar los niveles de contaminaci\u00f3n electromagn\u00e9tica en un ambiente determinado y verificar si estos se mantienen dentro de los l\u00edmites recomendados por las normas internacionales. El mismo comprende:<\/p>\n<ul>\n<li>\u00a0Medici\u00f3n y an\u00e1lisis de campos el\u00e9ctricos y magn\u00e9ticos en ambientes laborales o dom\u00e9sticos<\/li>\n<li>\u00a0Evaluaci\u00f3n de los niveles de exposici\u00f3n a estos campos.<\/li>\n<li>\u00a0Ofrece recomendaciones para reducir la interferencia electromagn\u00e9tica entre equipos y minimizar los riesgos por exposici\u00f3n.<\/li>\n<\/ul>\n<p>&nbsp;<\/p>\n","protected":false},"excerpt":{"rendered":"<p>Realizado por expertos con amplia experiencia en la tem\u00e1tica y respaldado por un sistema de referencia de campo trazable a patrones internacionales, este servicio permite [&#8230;]<\/p>\n","protected":false},"author":14,"featured_media":0,"parent":0,"menu_order":0,"comment_status":"closed","ping_status":"closed","template":"","meta":{"ngg_post_thumbnail":0,"footnotes":""},"class_list":["post-3113","page","type-page","status-publish","hentry"],"_links":{"self":[{"href":"https:\/\/www.cent.uo.edu.cu\/cnea\/wp-json\/wp\/v2\/pages\/3113","targetHints":{"allow":["GET"]}}],"collection":[{"href":"https:\/\/www.cent.uo.edu.cu\/cnea\/wp-json\/wp\/v2\/pages"}],"about":[{"href":"https:\/\/www.cent.uo.edu.cu\/cnea\/wp-json\/wp\/v2\/types\/page"}],"author":[{"embeddable":true,"href":"https:\/\/www.cent.uo.edu.cu\/cnea\/wp-json\/wp\/v2\/users\/14"}],"replies":[{"embeddable":true,"href":"https:\/\/www.cent.uo.edu.cu\/cnea\/wp-json\/wp\/v2\/comments?post=3113"}],"version-history":[{"count":3,"href":"https:\/\/www.cent.uo.edu.cu\/cnea\/wp-json\/wp\/v2\/pages\/3113\/revisions"}],"predecessor-version":[{"id":3172,"href":"https:\/\/www.cent.uo.edu.cu\/cnea\/wp-json\/wp\/v2\/pages\/3113\/revisions\/3172"}],"wp:attachment":[{"href":"https:\/\/www.cent.uo.edu.cu\/cnea\/wp-json\/wp\/v2\/media?parent=3113"}],"curies":[{"name":"wp","href":"https:\/\/api.w.org\/{rel}","templated":true}]}}