{"id":3119,"date":"2017-02-22T17:14:05","date_gmt":"2017-02-22T22:14:05","guid":{"rendered":"http:\/\/www.cent.uo.edu.cu\/cnea\/?page_id=3119"},"modified":"2017-03-06T11:40:46","modified_gmt":"2017-03-06T16:40:46","slug":"asesoria-y-diagnostico-para-uso-de-dispositivos-magneticos-en-sistemas-ingenieros","status":"publish","type":"page","link":"https:\/\/www.cent.uo.edu.cu\/cnea\/asesoria-y-diagnostico-para-uso-de-dispositivos-magneticos-en-sistemas-ingenieros\/","title":{"rendered":"Asesor\u00eda y diagn\u00f3stico para uso de dispositivos magn\u00e9ticos en sistemas ingenieros"},"content":{"rendered":"<p>Este servicio se ofrece a partir de la experiencia acumulada por nuestros especialistas en el desarrollo de investigaciones y aplicaciones del electromagnetismo en diferentes ramas de la producci\u00f3n y los servicios El mismo comprende:<\/p>\n<ul>\n<li>Diagn\u00f3stico de la situaci\u00f3n actual de los sistemas ingenieros que pudieran beneficiarse con la instalaci\u00f3n de Dispositivos Magn\u00e9ticos, con el objetivo de detectar los problemas relacionados con incrustaciones de dep\u00f3sitos de sales<\/li>\n<li>\u00a0Conjunto de indicaciones para la exitosa instalaci\u00f3n, montaje y\/o puesta a punta de los Dispositivos Magn\u00e9ticos en los sistemas ingenieros seleccionados, que incluye recomendaciones para elevar la eficiencia de su uso o explotaci\u00f3n.<\/li>\n<li>Informe t\u00e9cnico detallado.<\/li>\n<\/ul>\n<p>&nbsp;<\/p>\n","protected":false},"excerpt":{"rendered":"<p>Este servicio se ofrece a partir de la experiencia acumulada por nuestros especialistas en el desarrollo de investigaciones y aplicaciones del electromagnetismo en diferentes ramas [&#8230;]<\/p>\n","protected":false},"author":14,"featured_media":0,"parent":0,"menu_order":0,"comment_status":"closed","ping_status":"closed","template":"","meta":{"ngg_post_thumbnail":0,"footnotes":""},"class_list":["post-3119","page","type-page","status-publish","hentry"],"_links":{"self":[{"href":"https:\/\/www.cent.uo.edu.cu\/cnea\/wp-json\/wp\/v2\/pages\/3119","targetHints":{"allow":["GET"]}}],"collection":[{"href":"https:\/\/www.cent.uo.edu.cu\/cnea\/wp-json\/wp\/v2\/pages"}],"about":[{"href":"https:\/\/www.cent.uo.edu.cu\/cnea\/wp-json\/wp\/v2\/types\/page"}],"author":[{"embeddable":true,"href":"https:\/\/www.cent.uo.edu.cu\/cnea\/wp-json\/wp\/v2\/users\/14"}],"replies":[{"embeddable":true,"href":"https:\/\/www.cent.uo.edu.cu\/cnea\/wp-json\/wp\/v2\/comments?post=3119"}],"version-history":[{"count":2,"href":"https:\/\/www.cent.uo.edu.cu\/cnea\/wp-json\/wp\/v2\/pages\/3119\/revisions"}],"predecessor-version":[{"id":3173,"href":"https:\/\/www.cent.uo.edu.cu\/cnea\/wp-json\/wp\/v2\/pages\/3119\/revisions\/3173"}],"wp:attachment":[{"href":"https:\/\/www.cent.uo.edu.cu\/cnea\/wp-json\/wp\/v2\/media?parent=3119"}],"curies":[{"name":"wp","href":"https:\/\/api.w.org\/{rel}","templated":true}]}}