{"id":3128,"date":"2017-02-23T08:25:14","date_gmt":"2017-02-23T13:25:14","guid":{"rendered":"http:\/\/www.cent.uo.edu.cu\/cnea\/?page_id=3128"},"modified":"2017-03-06T11:41:47","modified_gmt":"2017-03-06T16:41:47","slug":"analisis-de-gases-contaminates","status":"publish","type":"page","link":"https:\/\/www.cent.uo.edu.cu\/cnea\/analisis-de-gases-contaminates\/","title":{"rendered":"An\u00e1lisis de gases contaminates"},"content":{"rendered":"<p>El an\u00e1lisis de los niveles de emisi\u00f3n a la atm\u00f3sfera o contenido de gases contaminantes en un ambiente determinado resulta importante como indicador de la calidad del aire y como paso previo que permita se tomen medidas encaminadas a la protecci\u00f3n del medio ambiente. Constituye adem\u00e1s herramienta de apoyo para evaluar la eficiencia de la combusti\u00f3n.<\/p>\n<p>El servicio contempla:<\/p>\n<ul>\n<li>Toma de muestras de gases contaminantes .<\/li>\n<li>\u00a0An\u00e1lisis de los niveles de emisi\u00f3n.<\/li>\n<li>\u00a0Propuesta de posibles medidas para minimizar la emisi\u00f3n de gases contaminantes.<\/li>\n<li>\u00a0Informe t\u00e9cnico detallado.<\/li>\n<\/ul>\n<p>&nbsp;<\/p>\n","protected":false},"excerpt":{"rendered":"<p>El an\u00e1lisis de los niveles de emisi\u00f3n a la atm\u00f3sfera o contenido de gases contaminantes en un ambiente determinado resulta importante como indicador de la [&#8230;]<\/p>\n","protected":false},"author":14,"featured_media":0,"parent":0,"menu_order":0,"comment_status":"closed","ping_status":"closed","template":"","meta":{"ngg_post_thumbnail":0,"footnotes":""},"class_list":["post-3128","page","type-page","status-publish","hentry"],"_links":{"self":[{"href":"https:\/\/www.cent.uo.edu.cu\/cnea\/wp-json\/wp\/v2\/pages\/3128","targetHints":{"allow":["GET"]}}],"collection":[{"href":"https:\/\/www.cent.uo.edu.cu\/cnea\/wp-json\/wp\/v2\/pages"}],"about":[{"href":"https:\/\/www.cent.uo.edu.cu\/cnea\/wp-json\/wp\/v2\/types\/page"}],"author":[{"embeddable":true,"href":"https:\/\/www.cent.uo.edu.cu\/cnea\/wp-json\/wp\/v2\/users\/14"}],"replies":[{"embeddable":true,"href":"https:\/\/www.cent.uo.edu.cu\/cnea\/wp-json\/wp\/v2\/comments?post=3128"}],"version-history":[{"count":2,"href":"https:\/\/www.cent.uo.edu.cu\/cnea\/wp-json\/wp\/v2\/pages\/3128\/revisions"}],"predecessor-version":[{"id":3174,"href":"https:\/\/www.cent.uo.edu.cu\/cnea\/wp-json\/wp\/v2\/pages\/3128\/revisions\/3174"}],"wp:attachment":[{"href":"https:\/\/www.cent.uo.edu.cu\/cnea\/wp-json\/wp\/v2\/media?parent=3128"}],"curies":[{"name":"wp","href":"https:\/\/api.w.org\/{rel}","templated":true}]}}