{"id":3133,"date":"2017-02-23T08:30:11","date_gmt":"2017-02-23T13:30:11","guid":{"rendered":"http:\/\/www.cent.uo.edu.cu\/cnea\/?page_id=3133"},"modified":"2017-03-06T11:43:31","modified_gmt":"2017-03-06T16:43:31","slug":"eficiencia-y-sostenibilidad-para-la-industria-hotelera","status":"publish","type":"page","link":"https:\/\/www.cent.uo.edu.cu\/cnea\/eficiencia-y-sostenibilidad-para-la-industria-hotelera\/","title":{"rendered":"Eficiencia y sostenibilidad para la industria hotelera"},"content":{"rendered":"<p>Se recomienda su uso en:<\/p>\n<ul>\n<li>Fabricadoras de hielo<\/li>\n<li>\u00a0Lavavajillas<\/li>\n<li>\u00a0Cafeteras el\u00e9ctricas<\/li>\n<li>\u00a0Hornos, salas de caldera<\/li>\n<li>\u00a0Calentadores de agua<\/li>\n<li>\u00a0Lavander\u00eda<\/li>\n<li>\u00a0Sistemas de enfriamiento<\/li>\n<li>\u00a0Piscinas y jacuzzis<\/li>\n<li>\u00a0Jardiner\u00eda<\/li>\n<li>\u00a0Se utiliza para prevenir y\/o evitar la formaci\u00f3n de incrustaciones en los sistemas ingenieros<\/li>\n<li>\u00a0Son ligeros, peque\u00f1os, manuables y de f\u00e1cil instalaci\u00f3n<\/li>\n<li>\u00a0No consumen energ\u00eda el\u00e9ctrica y no requieren operarios<\/li>\n<\/ul>\n<p><strong>BENEFICIOS<\/strong><\/p>\n<ul>\n<li>\u00a0Disminuci\u00f3n de los gastos de mantenimiento<\/li>\n<li>\u00a0Ahorro de portadores energ\u00e9ticos<\/li>\n<li>\u00a0Contribuye a disminuir la carga contaminante asociada a la limpieza qu\u00edmica de tuber\u00edas y sistemas<\/li>\n<li>\u00a0El agua en las piscinas se mantiene transparente, con pH estable y poca proliferaci\u00f3n de algas<\/li>\n<li>\u00a0Prolonga la vida \u00fatil de los equipos, tuber\u00edas, llaves de agua, duchas, resistencias y otros<\/li>\n<li>\u00a0R\u00e1pida amortizaci\u00f3n de la inversi\u00f3n<\/li>\n<li>\u00a0Contribuye a mejorar las condiciones de trabajo de los operarios de servicios t\u00e9cnicos<\/li>\n<\/ul>\n<p>&nbsp;<\/p>\n","protected":false},"excerpt":{"rendered":"<p>Se recomienda su uso en: Fabricadoras de hielo \u00a0Lavavajillas \u00a0Cafeteras el\u00e9ctricas \u00a0Hornos, salas de caldera \u00a0Calentadores de agua \u00a0Lavander\u00eda \u00a0Sistemas de enfriamiento \u00a0Piscinas y jacuzzis [&#8230;]<\/p>\n","protected":false},"author":14,"featured_media":0,"parent":0,"menu_order":0,"comment_status":"closed","ping_status":"closed","template":"","meta":{"ngg_post_thumbnail":0,"footnotes":""},"class_list":["post-3133","page","type-page","status-publish","hentry"],"_links":{"self":[{"href":"https:\/\/www.cent.uo.edu.cu\/cnea\/wp-json\/wp\/v2\/pages\/3133","targetHints":{"allow":["GET"]}}],"collection":[{"href":"https:\/\/www.cent.uo.edu.cu\/cnea\/wp-json\/wp\/v2\/pages"}],"about":[{"href":"https:\/\/www.cent.uo.edu.cu\/cnea\/wp-json\/wp\/v2\/types\/page"}],"author":[{"embeddable":true,"href":"https:\/\/www.cent.uo.edu.cu\/cnea\/wp-json\/wp\/v2\/users\/14"}],"replies":[{"embeddable":true,"href":"https:\/\/www.cent.uo.edu.cu\/cnea\/wp-json\/wp\/v2\/comments?post=3133"}],"version-history":[{"count":4,"href":"https:\/\/www.cent.uo.edu.cu\/cnea\/wp-json\/wp\/v2\/pages\/3133\/revisions"}],"predecessor-version":[{"id":3176,"href":"https:\/\/www.cent.uo.edu.cu\/cnea\/wp-json\/wp\/v2\/pages\/3133\/revisions\/3176"}],"wp:attachment":[{"href":"https:\/\/www.cent.uo.edu.cu\/cnea\/wp-json\/wp\/v2\/media?parent=3133"}],"curies":[{"name":"wp","href":"https:\/\/api.w.org\/{rel}","templated":true}]}}