{"id":3137,"date":"2017-02-23T08:34:48","date_gmt":"2017-02-23T13:34:48","guid":{"rendered":"http:\/\/www.cent.uo.edu.cu\/cnea\/?page_id=3137"},"modified":"2017-02-23T08:34:48","modified_gmt":"2017-02-23T13:34:48","slug":"asesoria-para-el-ahorro-de-portadores-energeticos","status":"publish","type":"page","link":"https:\/\/www.cent.uo.edu.cu\/cnea\/asesoria-para-el-ahorro-de-portadores-energeticos\/","title":{"rendered":"Asesor\u00eda para el ahorro de portadores energ\u00e9ticos"},"content":{"rendered":"<p>La asesor\u00eda para el ahorro de portadores energ\u00e9ticos est\u00e1 dirigida a aquellos clientes que requieren ayuda en la toma de decisiones para la implementaci\u00f3n de una soluci\u00f3n de ahorro energ\u00e9tico, incluyendo la capacitaci\u00f3n. Este servicio comprende<\/p>\n<p>\u2022 Encuesta a la alta direcci\u00f3n y a una muestra de trabajadores para conocer el dominio en temas relacionados con la eficiencia energ\u00e9tica.<\/p>\n<p>\u2022 An\u00e1lisis de la informaci\u00f3n documental relacionada con los portadores energ\u00e9ticos, el proceso productivo y los puestos claves.<\/p>\n<p>\u2022 Informe t\u00e9cnico con la propuesta del plan de ahorro y recomendaciones de capacitaci\u00f3n para personal que ocupan los puestos claves.<\/p>\n","protected":false},"excerpt":{"rendered":"<p>La asesor\u00eda para el ahorro de portadores energ\u00e9ticos est\u00e1 dirigida a aquellos clientes que requieren ayuda en la toma de decisiones para la implementaci\u00f3n de [&#8230;]<\/p>\n","protected":false},"author":14,"featured_media":0,"parent":0,"menu_order":0,"comment_status":"closed","ping_status":"closed","template":"","meta":{"ngg_post_thumbnail":0,"footnotes":""},"class_list":["post-3137","page","type-page","status-publish","hentry"],"_links":{"self":[{"href":"https:\/\/www.cent.uo.edu.cu\/cnea\/wp-json\/wp\/v2\/pages\/3137","targetHints":{"allow":["GET"]}}],"collection":[{"href":"https:\/\/www.cent.uo.edu.cu\/cnea\/wp-json\/wp\/v2\/pages"}],"about":[{"href":"https:\/\/www.cent.uo.edu.cu\/cnea\/wp-json\/wp\/v2\/types\/page"}],"author":[{"embeddable":true,"href":"https:\/\/www.cent.uo.edu.cu\/cnea\/wp-json\/wp\/v2\/users\/14"}],"replies":[{"embeddable":true,"href":"https:\/\/www.cent.uo.edu.cu\/cnea\/wp-json\/wp\/v2\/comments?post=3137"}],"version-history":[{"count":1,"href":"https:\/\/www.cent.uo.edu.cu\/cnea\/wp-json\/wp\/v2\/pages\/3137\/revisions"}],"predecessor-version":[{"id":3139,"href":"https:\/\/www.cent.uo.edu.cu\/cnea\/wp-json\/wp\/v2\/pages\/3137\/revisions\/3139"}],"wp:attachment":[{"href":"https:\/\/www.cent.uo.edu.cu\/cnea\/wp-json\/wp\/v2\/media?parent=3137"}],"curies":[{"name":"wp","href":"https:\/\/api.w.org\/{rel}","templated":true}]}}