{"id":3141,"date":"2017-02-23T08:38:25","date_gmt":"2017-02-23T13:38:25","guid":{"rendered":"http:\/\/www.cent.uo.edu.cu\/cnea\/?page_id=3141"},"modified":"2017-03-06T11:44:25","modified_gmt":"2017-03-06T16:44:25","slug":"rotoevaporacion-de-solventes","status":"publish","type":"page","link":"https:\/\/www.cent.uo.edu.cu\/cnea\/rotoevaporacion-de-solventes\/","title":{"rendered":"Rotoevaporaci\u00f3n de solventes"},"content":{"rendered":"<p>La evaporaci\u00f3n de solventes es una t\u00e9cnica ampliamente utilizada en la obtenci\u00f3n de muestras org\u00e1nicas en las industrias m\u00e9dico farmac\u00e9utica y alimenticia. Entre sus aplicaciones se destacan la separaci\u00f3n y purificaci\u00f3n de solutos; la obtenci\u00f3n de destilaciones fraccionadas de mezclas de solventes; es posible lograr la cuantificaci\u00f3n de mezclas s\u00f3lido-l\u00edquido o l\u00edquido-l\u00edquido. Es adem\u00e1s una t\u00e9cnica muy \u00fatil en la s\u00edntesis de diferentes compuestos org\u00e1nicos.<\/p>\n<p>Este servicio comprende:<\/p>\n<p>\u2022 Evaporaci\u00f3n de solventes.<br \/>\n\u2022 Destilaciones fraccionadas de mezclas de solventes.<br \/>\n\u2022 Muestra entregada en recipiente al cliente.<br \/>\n\u2022 Informe t\u00e9cnico detallado.<\/p>\n","protected":false},"excerpt":{"rendered":"<p>La evaporaci\u00f3n de solventes es una t\u00e9cnica ampliamente utilizada en la obtenci\u00f3n de muestras org\u00e1nicas en las industrias m\u00e9dico farmac\u00e9utica y alimenticia. Entre sus aplicaciones [&#8230;]<\/p>\n","protected":false},"author":14,"featured_media":0,"parent":0,"menu_order":0,"comment_status":"closed","ping_status":"closed","template":"","meta":{"ngg_post_thumbnail":0,"footnotes":""},"class_list":["post-3141","page","type-page","status-publish","hentry"],"_links":{"self":[{"href":"https:\/\/www.cent.uo.edu.cu\/cnea\/wp-json\/wp\/v2\/pages\/3141","targetHints":{"allow":["GET"]}}],"collection":[{"href":"https:\/\/www.cent.uo.edu.cu\/cnea\/wp-json\/wp\/v2\/pages"}],"about":[{"href":"https:\/\/www.cent.uo.edu.cu\/cnea\/wp-json\/wp\/v2\/types\/page"}],"author":[{"embeddable":true,"href":"https:\/\/www.cent.uo.edu.cu\/cnea\/wp-json\/wp\/v2\/users\/14"}],"replies":[{"embeddable":true,"href":"https:\/\/www.cent.uo.edu.cu\/cnea\/wp-json\/wp\/v2\/comments?post=3141"}],"version-history":[{"count":2,"href":"https:\/\/www.cent.uo.edu.cu\/cnea\/wp-json\/wp\/v2\/pages\/3141\/revisions"}],"predecessor-version":[{"id":3177,"href":"https:\/\/www.cent.uo.edu.cu\/cnea\/wp-json\/wp\/v2\/pages\/3141\/revisions\/3177"}],"wp:attachment":[{"href":"https:\/\/www.cent.uo.edu.cu\/cnea\/wp-json\/wp\/v2\/media?parent=3141"}],"curies":[{"name":"wp","href":"https:\/\/api.w.org\/{rel}","templated":true}]}}