{"id":3272,"date":"2017-09-22T14:28:40","date_gmt":"2017-09-22T18:28:40","guid":{"rendered":"http:\/\/www.cent.uo.edu.cu\/cnea\/?page_id=3272"},"modified":"2019-08-28T14:45:24","modified_gmt":"2019-08-28T18:45:24","slug":"departamento-de-gestion-integrada","status":"publish","type":"page","link":"https:\/\/www.cent.uo.edu.cu\/cnea\/quienes-somos\/departamento-de-gestion-integrada\/","title":{"rendered":"Departamento de Gesti\u00f3n Integrada"},"content":{"rendered":"<p style=\"text-align: justify\"><strong>Misi\u00f3n:<\/strong><\/p>\n<p style=\"text-align: justify\">Gestiona los procesos de planificaci\u00f3n y archivo, gesti\u00f3n de calidad y ambiental, capital humano, proyectos e impacto, propiedad intelectual y vigilancia tecnol\u00f3gica, informatizaci\u00f3n, redes y seguridad inform\u00e1tica, de forma tal que asegure, de forma efectiva y sostenible, el cumplimiento de la misi\u00f3n del centro.<\/p>\n<p style=\"line-height: 30%\"><strong><a href=\"http:\/\/www.cent.uo.edu.cu\/cnea\/files\/2017\/09\/Monica1.jpg\"><img loading=\"lazy\" decoding=\"async\" class=\"alignleft  wp-image-3311\" src=\"http:\/\/www.cent.uo.edu.cu\/cnea\/files\/2017\/09\/Monica1-300x263.jpg\" alt=\"MSc. M\u00f3nica Berenguer\" width=\"149\" height=\"131\" srcset=\"https:\/\/www.cent.uo.edu.cu\/cnea\/files\/2017\/09\/Monica1-300x263.jpg 300w, https:\/\/www.cent.uo.edu.cu\/cnea\/files\/2017\/09\/Monica1.jpg 344w\" sizes=\"auto, (max-width: 149px) 100vw, 149px\" \/><\/a><\/strong><\/p>\n<p>&nbsp;<\/p>\n<p style=\"line-height: 30%\"><strong>Director:<\/strong> Dra.C. M\u00f3nica Rosario Berenguer Ungaro<\/p>\n<p style=\"line-height: 30%\"><strong>E-mail: <\/strong><u><a href=\"mailto:mmaranon@uo.edu.cu\">monicab@uo.edu.cu<\/a><\/u><\/p>\n<p style=\"line-height: 30%\"><strong>Curriculum vitae:<\/strong> (no disponible).<\/p>\n<p>&nbsp;<\/p>\n<p style=\"text-align: justify\"><strong>FUNCIONES Y ATRIBUCIONES:<\/strong><\/p>\n<ol>\n<li style=\"text-align: justify\">Planificar, organizar, y evaluar los proyectos de investigaci\u00f3n generados en las l\u00edneas de investigaci\u00f3n y ejecutar proyectos que contribuyan a mejorar la gesti\u00f3n integrada del CNEA.<\/li>\n<li style=\"text-align: justify\">Coordinar y controlar la implementaci\u00f3n del Sistema de Gesti\u00f3n de Calidad y Medio ambiente. Cumpliendo los planes trazados para la certificaci\u00f3n de procesos y acreditaci\u00f3n de laboratorios.<\/li>\n<li style=\"text-align: justify\">Organizar y ejecutar los procesos de aseguramiento metrol\u00f3gico a los equipos y medios de medici\u00f3n, en cumplimiento de la regulaci\u00f3n legal y normativa vigente.<\/li>\n<li style=\"text-align: justify\">Asesorar integralmente en los diferentes aspectos de Propiedad Intelectual a los profesores, investigadores y Consejo de Direcci\u00f3n. Incluyendo aspectos legales, estrategias de protecci\u00f3n y proceso de gesti\u00f3n de los documentos, para las diferentes modalidades de la Propiedad Intelectual (Derecho de autor y Propiedad Industrial) en Cuba y en el extranjero.<\/li>\n<li style=\"text-align: justify\">Organizar y mantener un sistema eficiente de Vigilancia Tecnol\u00f3gica que apoye los procesos de Investigaci\u00f3n, Desarrollo, Comercializaci\u00f3n y Transferencia de Resultados.<\/li>\n<li style=\"text-align: justify\">Asegurar el control interno de los recursos humanos, materiales y financieros del \u00e1rea, as\u00ed como el cumplimiento de la legalidad socialista, la disciplina laboral, el aprovechamiento de la jornada de trabajo y las informaciones que del mismo se deriven.<\/li>\n<li style=\"text-align: justify\">Garantizar la calidad de los servicios de red y actuar como interfaz con la Direcci\u00f3n de Informatizaci\u00f3n de la Universidad de Oriente, proveedora de los servicios de red e internet.<\/li>\n<li style=\"text-align: justify\">Asesorar y controlar la aplicaci\u00f3n del Decreto Ley 199\/ 99 y otros documentos que se\u00f1alan las medidas organizativas para la elaboraci\u00f3n, cumplimiento, registro, control y protecci\u00f3n a la informaci\u00f3n oficial clasificada y limitada, as\u00ed como la evacuaci\u00f3n y destrucci\u00f3n de los mismos ante situaciones excepcionales, en el Centro Nacional de Electromagnetismo Aplicado.<\/li>\n<\/ol>\n","protected":false},"excerpt":{"rendered":"<p>Misi\u00f3n: Gestiona los procesos de planificaci\u00f3n y archivo, gesti\u00f3n de calidad y ambiental, capital humano, proyectos e impacto, propiedad intelectual y vigilancia tecnol\u00f3gica, informatizaci\u00f3n, redes [&#8230;]<\/p>\n","protected":false},"author":14,"featured_media":0,"parent":104,"menu_order":0,"comment_status":"closed","ping_status":"closed","template":"","meta":{"ngg_post_thumbnail":0,"footnotes":""},"class_list":["post-3272","page","type-page","status-publish","hentry"],"_links":{"self":[{"href":"https:\/\/www.cent.uo.edu.cu\/cnea\/wp-json\/wp\/v2\/pages\/3272","targetHints":{"allow":["GET"]}}],"collection":[{"href":"https:\/\/www.cent.uo.edu.cu\/cnea\/wp-json\/wp\/v2\/pages"}],"about":[{"href":"https:\/\/www.cent.uo.edu.cu\/cnea\/wp-json\/wp\/v2\/types\/page"}],"author":[{"embeddable":true,"href":"https:\/\/www.cent.uo.edu.cu\/cnea\/wp-json\/wp\/v2\/users\/14"}],"replies":[{"embeddable":true,"href":"https:\/\/www.cent.uo.edu.cu\/cnea\/wp-json\/wp\/v2\/comments?post=3272"}],"version-history":[{"count":17,"href":"https:\/\/www.cent.uo.edu.cu\/cnea\/wp-json\/wp\/v2\/pages\/3272\/revisions"}],"predecessor-version":[{"id":4515,"href":"https:\/\/www.cent.uo.edu.cu\/cnea\/wp-json\/wp\/v2\/pages\/3272\/revisions\/4515"}],"up":[{"embeddable":true,"href":"https:\/\/www.cent.uo.edu.cu\/cnea\/wp-json\/wp\/v2\/pages\/104"}],"wp:attachment":[{"href":"https:\/\/www.cent.uo.edu.cu\/cnea\/wp-json\/wp\/v2\/media?parent=3272"}],"curies":[{"name":"wp","href":"https:\/\/api.w.org\/{rel}","templated":true}]}}