{"id":3284,"date":"2017-09-22T15:14:28","date_gmt":"2017-09-22T19:14:28","guid":{"rendered":"http:\/\/www.cent.uo.edu.cu\/cnea\/?page_id=3284"},"modified":"2017-09-22T15:18:55","modified_gmt":"2017-09-22T19:18:55","slug":"direccion-administrativa","status":"publish","type":"page","link":"https:\/\/www.cent.uo.edu.cu\/cnea\/direccion-administrativa\/","title":{"rendered":"Direcci\u00f3n Administrativa"},"content":{"rendered":"<p><strong>MISION:<\/strong><\/p>\n<p style=\"text-align: justify\">Garantiza una gesti\u00f3n eficiente de los servicios internos, portadores energ\u00e9ticos, compras y almacenes, con un personal competente, para contribuir al cumplimiento de los objetivos institucionales.<\/p>\n<p style=\"line-height: 30%\"><strong>Director:<\/strong> Ing. Dagoberto Ferrer Albear<\/p>\n<p style=\"line-height: 30%\"><strong>E-mail: <\/strong><u><a href=\"mailto:mmaranon@uo.edu.cu\">dagoberto@uo.edu.cu<\/a><\/u><\/p>\n<p style=\"line-height: 30%\"><strong>Curriculum vitae:<\/strong> (no disponible)<\/p>\n<p><strong>FUNCIONES Y ATRIBUCIONES:<br \/>\n<\/strong><\/p>\n<ol>\n<li style=\"text-align: justify\">Gestionar el funcionamiento de la infraestructura para el desarrollo de las tareas y actividades por parte del personal que labora en el CNEA, de conjunto con la Direcci\u00f3n de Desarrollo Tecnol\u00f3gico.<\/li>\n<li style=\"text-align: justify\">Garantizar con la calidad requerida los servicios de alimentaci\u00f3n, transportaci\u00f3n, telefon\u00eda, limpieza, compras, almacenamiento, energ\u00eda, seguridad y salud del trabajo.<\/li>\n<li style=\"text-align: justify\">Garantizar el control de los recursos comprados y almacenados hasta su distribuci\u00f3n a las diferentes \u00e1reas.<\/li>\n<li style=\"text-align: justify\">Garantizar una adecuada explotaci\u00f3n del transporte asignado a la entidad, brindando un servicio de calidad.<\/li>\n<li style=\"text-align: justify\">Garantizar el orden, higiene y limpieza de las instalaciones de manera sistem\u00e1tica con calidad.<\/li>\n<li style=\"text-align: justify\">Responder por que todos los medios de medici\u00f3n del \u00e1rea administrativa, tengan la certificaci\u00f3n del organismo estatal correspondiente, debidamente actualizada.<\/li>\n<\/ol>\n","protected":false},"excerpt":{"rendered":"<p>MISION: Garantiza una gesti\u00f3n eficiente de los servicios internos, portadores energ\u00e9ticos, compras y almacenes, con un personal competente, para contribuir al cumplimiento de los objetivos [&#8230;]<\/p>\n","protected":false},"author":14,"featured_media":0,"parent":0,"menu_order":0,"comment_status":"closed","ping_status":"closed","template":"","meta":{"ngg_post_thumbnail":0,"footnotes":""},"class_list":["post-3284","page","type-page","status-publish","hentry"],"_links":{"self":[{"href":"https:\/\/www.cent.uo.edu.cu\/cnea\/wp-json\/wp\/v2\/pages\/3284","targetHints":{"allow":["GET"]}}],"collection":[{"href":"https:\/\/www.cent.uo.edu.cu\/cnea\/wp-json\/wp\/v2\/pages"}],"about":[{"href":"https:\/\/www.cent.uo.edu.cu\/cnea\/wp-json\/wp\/v2\/types\/page"}],"author":[{"embeddable":true,"href":"https:\/\/www.cent.uo.edu.cu\/cnea\/wp-json\/wp\/v2\/users\/14"}],"replies":[{"embeddable":true,"href":"https:\/\/www.cent.uo.edu.cu\/cnea\/wp-json\/wp\/v2\/comments?post=3284"}],"version-history":[{"count":2,"href":"https:\/\/www.cent.uo.edu.cu\/cnea\/wp-json\/wp\/v2\/pages\/3284\/revisions"}],"predecessor-version":[{"id":3289,"href":"https:\/\/www.cent.uo.edu.cu\/cnea\/wp-json\/wp\/v2\/pages\/3284\/revisions\/3289"}],"wp:attachment":[{"href":"https:\/\/www.cent.uo.edu.cu\/cnea\/wp-json\/wp\/v2\/media?parent=3284"}],"curies":[{"name":"wp","href":"https:\/\/api.w.org\/{rel}","templated":true}]}}