{"id":350,"date":"2013-01-28T14:47:09","date_gmt":"2013-01-28T19:47:09","guid":{"rendered":"http:\/\/www.cent.uo.edu.cu\/cnea\/?page_id=350"},"modified":"2015-05-25T17:16:14","modified_gmt":"2015-05-25T21:16:14","slug":"consejo-cientifico","status":"publish","type":"page","link":"https:\/\/www.cent.uo.edu.cu\/cnea\/consejo-cientifico\/","title":{"rendered":"Consejo Cient\u00edfico"},"content":{"rendered":"<div>\n<p><strong>Presidente: <\/strong>DrC. Clara Mart\u00ednez Manrrique<\/p>\n<p><strong>Secretario: <\/strong>DrC. Fidel Gilart Gonz\u00e1lez<\/p>\n<p><strong>Miembros Permanentes:<\/strong><\/p>\n<ul>\n<li>MSc. Melek Campos Sof\u00eda<\/li>\n<li>DrC. Liliana G\u00f3mez Luna<\/li>\n<li>DrC. Lu\u00eds Bergues Cabrales<\/li>\n<li>DrC. Elizabeth Isacc Alem\u00e1n<\/li>\n<li>MSc. M\u00f3nica Berenguer Ungaro<strong><\/strong><\/li>\n<li>MSc. Yilian Rodr\u00edguez Clavijo<\/li>\n<\/ul>\n<p><strong>Invitados Permanentes<\/strong><\/p>\n<ul>\n<li>Dr.C. Guillermo Ribeuax Kindel\u00e1n<\/li>\n<li>MSc. Mirian Mara\u00f1\u00f3n Cardonne<\/li>\n<li>MSc. Siannah M\u00e1s Diego<\/li>\n<li>MSc. Douglas Deas Yero<\/li>\n<\/ul>\n<p><strong>Invitados eventuales<\/strong>: DrC. Jos\u00e9 F. Falc\u00f3n Hern\u00e1ndez<\/p>\n<p>&nbsp;<\/p>\n<\/div>\n","protected":false},"excerpt":{"rendered":"<p>Presidente: DrC. Clara Mart\u00ednez Manrrique Secretario: DrC. Fidel Gilart Gonz\u00e1lez Miembros Permanentes: MSc. Melek Campos Sof\u00eda DrC. Liliana G\u00f3mez Luna DrC. Lu\u00eds Bergues Cabrales DrC. [&#8230;]<\/p>\n","protected":false},"author":4,"featured_media":0,"parent":0,"menu_order":0,"comment_status":"closed","ping_status":"closed","template":"","meta":{"ngg_post_thumbnail":0,"footnotes":""},"class_list":["post-350","page","type-page","status-publish","hentry"],"_links":{"self":[{"href":"https:\/\/www.cent.uo.edu.cu\/cnea\/wp-json\/wp\/v2\/pages\/350","targetHints":{"allow":["GET"]}}],"collection":[{"href":"https:\/\/www.cent.uo.edu.cu\/cnea\/wp-json\/wp\/v2\/pages"}],"about":[{"href":"https:\/\/www.cent.uo.edu.cu\/cnea\/wp-json\/wp\/v2\/types\/page"}],"author":[{"embeddable":true,"href":"https:\/\/www.cent.uo.edu.cu\/cnea\/wp-json\/wp\/v2\/users\/4"}],"replies":[{"embeddable":true,"href":"https:\/\/www.cent.uo.edu.cu\/cnea\/wp-json\/wp\/v2\/comments?post=350"}],"version-history":[{"count":8,"href":"https:\/\/www.cent.uo.edu.cu\/cnea\/wp-json\/wp\/v2\/pages\/350\/revisions"}],"predecessor-version":[{"id":2084,"href":"https:\/\/www.cent.uo.edu.cu\/cnea\/wp-json\/wp\/v2\/pages\/350\/revisions\/2084"}],"wp:attachment":[{"href":"https:\/\/www.cent.uo.edu.cu\/cnea\/wp-json\/wp\/v2\/media?parent=350"}],"curies":[{"name":"wp","href":"https:\/\/api.w.org\/{rel}","templated":true}]}}