{"id":3587,"date":"2018-01-26T10:59:39","date_gmt":"2018-01-26T15:59:39","guid":{"rendered":"http:\/\/www.cent.uo.edu.cu\/cnea\/?page_id=3587"},"modified":"2018-01-26T11:11:10","modified_gmt":"2018-01-26T16:11:10","slug":"contribuye-el-cnea-contesis-doctoral-al-desarrollo-del-campo-de-la-medicina","status":"publish","type":"page","link":"https:\/\/www.cent.uo.edu.cu\/cnea\/contribuye-el-cnea-contesis-doctoral-al-desarrollo-del-campo-de-la-medicina\/","title":{"rendered":"Contribuye el CNEA conTesis Doctoral, al desarrollo del campo de la Medicina"},"content":{"rendered":"<p>Por:\u00a0 Yasmani Antonio Cortina Savigne<\/p>\n<p style=\"text-align: justify\">Ayer 25 de enero de 2018 , en La Habana, fue defendida la Tesis de Doctorado: \u00abEstrategia Neuroprotectora de la Isquemia Cerebral basada en la Bioimpedancia Cerebral y el Campo Magn\u00e9tico\u201d de la MSc. Ing. Miriam Mara\u00f1\u00f3n Cardonne,sus tutores fueron los Doctores en Ciencias y Profesores Titulares Fidel Gilart Gonz\u00e1lez, Enrique Mara\u00f1\u00f3n Reyes y Julio C\u00e9sar Garc\u00eda.<\/p>\n<p><a href=\"http:\/\/www.cent.uo.edu.cu\/cnea\/files\/2018\/01\/Imagen21.jpg\"><img loading=\"lazy\" decoding=\"async\" class=\"aligncenter size-medium wp-image-3588\" src=\"http:\/\/www.cent.uo.edu.cu\/cnea\/files\/2018\/01\/Imagen21-265x300.jpg\" alt=\"Imagen2\" width=\"265\" height=\"300\" srcset=\"https:\/\/www.cent.uo.edu.cu\/cnea\/files\/2018\/01\/Imagen21-265x300.jpg 265w, https:\/\/www.cent.uo.edu.cu\/cnea\/files\/2018\/01\/Imagen21.jpg 440w\" sizes=\"auto, (max-width: 265px) 100vw, 265px\" \/><\/a><\/p>\n<p>&nbsp;<\/p>\n<p style=\"text-align: justify\">Vale destacar que esta investigaci\u00f3n contribuye al desarrollo del campo de la Medicina.<\/p>\n<p style=\"text-align: justify\">Muchas felicidades a la Nueva Doctora en Ciencias.<\/p>\n<p>&nbsp;<\/p>\n","protected":false},"excerpt":{"rendered":"<p>Por:\u00a0 Yasmani Antonio Cortina Savigne Ayer 25 de enero de 2018 , en La Habana, fue defendida la Tesis de Doctorado: \u00abEstrategia Neuroprotectora de la [&#8230;]<\/p>\n","protected":false},"author":14,"featured_media":3588,"parent":0,"menu_order":0,"comment_status":"closed","ping_status":"closed","template":"","meta":{"ngg_post_thumbnail":0,"footnotes":""},"class_list":["post-3587","page","type-page","status-publish","has-post-thumbnail","hentry"],"_links":{"self":[{"href":"https:\/\/www.cent.uo.edu.cu\/cnea\/wp-json\/wp\/v2\/pages\/3587","targetHints":{"allow":["GET"]}}],"collection":[{"href":"https:\/\/www.cent.uo.edu.cu\/cnea\/wp-json\/wp\/v2\/pages"}],"about":[{"href":"https:\/\/www.cent.uo.edu.cu\/cnea\/wp-json\/wp\/v2\/types\/page"}],"author":[{"embeddable":true,"href":"https:\/\/www.cent.uo.edu.cu\/cnea\/wp-json\/wp\/v2\/users\/14"}],"replies":[{"embeddable":true,"href":"https:\/\/www.cent.uo.edu.cu\/cnea\/wp-json\/wp\/v2\/comments?post=3587"}],"version-history":[{"count":2,"href":"https:\/\/www.cent.uo.edu.cu\/cnea\/wp-json\/wp\/v2\/pages\/3587\/revisions"}],"predecessor-version":[{"id":3591,"href":"https:\/\/www.cent.uo.edu.cu\/cnea\/wp-json\/wp\/v2\/pages\/3587\/revisions\/3591"}],"wp:featuredmedia":[{"embeddable":true,"href":"https:\/\/www.cent.uo.edu.cu\/cnea\/wp-json\/wp\/v2\/media\/3588"}],"wp:attachment":[{"href":"https:\/\/www.cent.uo.edu.cu\/cnea\/wp-json\/wp\/v2\/media?parent=3587"}],"curies":[{"name":"wp","href":"https:\/\/api.w.org\/{rel}","templated":true}]}}