{"id":364,"date":"2013-01-28T15:07:35","date_gmt":"2013-01-28T20:07:35","guid":{"rendered":"http:\/\/www.cent.uo.edu.cu\/cnea\/?page_id=364"},"modified":"2019-09-02T16:38:06","modified_gmt":"2019-09-02T20:38:06","slug":"direccion-general","status":"publish","type":"page","link":"https:\/\/www.cent.uo.edu.cu\/cnea\/quienes-somos\/direccion-general\/","title":{"rendered":"Direcci\u00f3n General"},"content":{"rendered":"<p><strong><a href=\"http:\/\/www.cent.uo.edu.cu\/cnea\/files\/2014\/07\/MELEK-PHOTO.jpg\"><img loading=\"lazy\" decoding=\"async\" class=\"alignleft  wp-image-1353\" src=\"http:\/\/www.cent.uo.edu.cu\/cnea\/files\/2014\/07\/MELEK-PHOTO.jpg\" alt=\"MELEK PHOTO\" width=\"186\" height=\"141\" srcset=\"https:\/\/www.cent.uo.edu.cu\/cnea\/files\/2014\/07\/MELEK-PHOTO.jpg 313w, https:\/\/www.cent.uo.edu.cu\/cnea\/files\/2014\/07\/MELEK-PHOTO-300x227.jpg 300w\" sizes=\"auto, (max-width: 186px) 100vw, 186px\" \/><\/a><br \/>\n<\/strong><\/p>\n<p style=\"line-height: 30%\"><strong>Directora General:<\/strong> Dra.C. Melek Campos Sofia<\/p>\n<p style=\"line-height: 30%\"><strong>E-mail:<\/strong> <a href=\"mailto:melek@uo.edu.cu\">melek@uo.edu.cu<\/a><\/p>\n<p style=\"line-height: 30%\"><strong>Curriculum vitae:<\/strong> (no disponible)<\/p>\n<p>&nbsp;<\/p>\n<p>&nbsp;<\/p>\n<p><strong>CONSEJO DE DIRECCI\u00d3N<br \/>\n<\/strong><\/p>\n<p style=\"text-align: justify\"><strong>Presidente<\/strong>: Directora General<\/p>\n<div>\n<p><strong>Secretaria<\/strong>: Secretaria de la Directora General<\/p>\n<p><strong>Miembros:<\/strong><\/p>\n<ul>\n<li><strong><a href=\"http:\/\/www.cent.uo.edu.cu\/cnea\/direccion-de-investigacion\/\">Directora de Ciencia e Innovaci\u00f3n<\/a><\/strong><\/li>\n<li><strong><a href=\"http:\/\/www.cent.uo.edu.cu\/cnea\/produccion\/\">Director de Desarrollo Tecnol\u00f3gico<\/a><\/strong><\/li>\n<li><strong><a href=\"http:\/\/www.cent.uo.edu.cu\/cnea\/direccion-de-transferencia\/\">Directora de Transferencia de Resultados de la Investigaci\u00f3n<\/a><\/strong><\/li>\n<li><strong><a href=\"http:\/\/www.cent.uo.edu.cu\/cnea\/departamento-de-gestion-integrada\/\">Subdirecci\u00f3n General<\/a><\/strong><\/li>\n<li><strong><a href=\"http:\/\/www.cent.uo.edu.cu\/cnea\/direccion-administrativa\/\">Director Administrativo<\/a><\/strong><\/li>\n<li><strong><a href=\"http:\/\/www.cent.uo.edu.cu\/cnea\/quienes-somos\/colectivo-de-economia\/\">Director Econ\u00f3mico<\/a><\/strong><\/li>\n<li><strong><a href=\"http:\/\/www.cent.uo.edu.cu\/cnea\/quienes-somos\/colectivo-de-economia\/\">Especialista Econ\u00f3mico Principal<\/a><\/strong><\/li>\n<\/ul>\n<p><strong>Invitados:<\/strong><\/p>\n<ul>\n<li>Sec. Secci\u00f3n Sindical<\/li>\n<li>Sec. General PCC<\/li>\n<li>Sec. General del Comit\u00e9 de Base UJC<\/li>\n<li>Asesor Jur\u00eddico<\/li>\n<\/ul>\n<p>La Direcci\u00f3n General lidera los procesos de:&nbsp; Seguridad y Protecci\u00f3n, Capital Humano, Informatizaci\u00f3n y redes, Atenci\u00f3n a Cuadros, Asesor\u00eda Legal y el Sistema Integrado de Gesti\u00f3n.<\/p>\n<div>\n<p><strong>CONSEJO CIENT\u00cdFICO<br \/>\n<\/strong><\/p>\n<p><strong>Presidente: <\/strong>Dra.C. Clara Mart\u00ednez Manrique<\/p>\n<p><strong>Secretario: <\/strong>Dr.C. Fidel Gilart Gonz\u00e1lez<\/p>\n<p><strong>Miembros Permanentes:<\/strong><\/p>\n<ul>\n<li>Dra.C. Melek Campos Sof\u00eda<\/li>\n<li>Dra.C. Liliana G\u00f3mez Luna<\/li>\n<li>Dr.C. Luis Bergues Cabrales<\/li>\n<li>Dra.C. Elizabeth Isacc Aleman<\/li>\n<li>Dra.C. M\u00f3nica Berenguer Ungaro<\/li>\n<li>Dra.C.&nbsp;Yilian Rodr\u00edguez Clavijo<\/li>\n<\/ul>\n<p><strong>Invitados Permanentes<\/strong><\/p>\n<ul>\n<li>Dr.C. Guillermo Ribeuax Kindel\u00e1n<\/li>\n<li>MSc. Antonio Garc\u00eda Leyva<\/li>\n<li>Dra.C. Siannah M\u00e1s Diego<\/li>\n<li>Dr.C. Douglas Deas Yero<\/li>\n<\/ul>\n<p><strong>Invitados eventuales<\/strong>: Dr.C. Jos\u00e9 F. Falc\u00f3n Hern\u00e1ndez<\/p>\n<\/div>\n<\/div>\n<p>&nbsp;<\/p>\n<p>&nbsp;<\/p>\n","protected":false},"excerpt":{"rendered":"<p><a href=\"http:\/\/www.cent.uo.edu.cu\/cnea\/files\/2014\/07\/MELEK-PHOTO.jpg\"><\/a> Directora General: Dra.C. Melek Campos Sofia E-mail: <a href=\"mailto:melek@uo.edu.cu\">melek@uo.edu.cu<\/a> Curriculum vitae: (no disponible) &nbsp; &nbsp; CONSEJO DE DIRECCI\u00d3N Presidente: Directora General Secretaria: Secretaria [&#8230;]<\/p>\n","protected":false},"author":4,"featured_media":0,"parent":104,"menu_order":0,"comment_status":"closed","ping_status":"closed","template":"","meta":{"ngg_post_thumbnail":0,"footnotes":""},"class_list":["post-364","page","type-page","status-publish","hentry"],"_links":{"self":[{"href":"https:\/\/www.cent.uo.edu.cu\/cnea\/wp-json\/wp\/v2\/pages\/364","targetHints":{"allow":["GET"]}}],"collection":[{"href":"https:\/\/www.cent.uo.edu.cu\/cnea\/wp-json\/wp\/v2\/pages"}],"about":[{"href":"https:\/\/www.cent.uo.edu.cu\/cnea\/wp-json\/wp\/v2\/types\/page"}],"author":[{"embeddable":true,"href":"https:\/\/www.cent.uo.edu.cu\/cnea\/wp-json\/wp\/v2\/users\/4"}],"replies":[{"embeddable":true,"href":"https:\/\/www.cent.uo.edu.cu\/cnea\/wp-json\/wp\/v2\/comments?post=364"}],"version-history":[{"count":31,"href":"https:\/\/www.cent.uo.edu.cu\/cnea\/wp-json\/wp\/v2\/pages\/364\/revisions"}],"predecessor-version":[{"id":4516,"href":"https:\/\/www.cent.uo.edu.cu\/cnea\/wp-json\/wp\/v2\/pages\/364\/revisions\/4516"}],"up":[{"embeddable":true,"href":"https:\/\/www.cent.uo.edu.cu\/cnea\/wp-json\/wp\/v2\/pages\/104"}],"wp:attachment":[{"href":"https:\/\/www.cent.uo.edu.cu\/cnea\/wp-json\/wp\/v2\/media?parent=364"}],"curies":[{"name":"wp","href":"https:\/\/api.w.org\/{rel}","templated":true}]}}