{"id":409,"date":"2013-02-01T08:36:39","date_gmt":"2013-02-01T13:36:39","guid":{"rendered":"http:\/\/www.cent.uo.edu.cu\/cnea\/?page_id=409"},"modified":"2019-09-02T15:50:20","modified_gmt":"2019-09-02T19:50:20","slug":"colectivo-de-economia","status":"publish","type":"page","link":"https:\/\/www.cent.uo.edu.cu\/cnea\/quienes-somos\/colectivo-de-economia\/","title":{"rendered":"Direcci\u00f3n de Econom\u00eda"},"content":{"rendered":"<p style=\"text-align: justify\"><strong><span style=\"font-size: medium\">MISI\u00d3N<\/span><\/strong><\/p>\n<p style=\"text-align: justify\"><span style=\"font-size: medium\">Garantizar el registro y control de las operaciones econ\u00f3micas del CNEA, conforme a los marcos regulatorios vigentes, y establecer un proceso eficiente de planeaci\u00f3n, procesamiento y emisi\u00f3n oportuna de informaci\u00f3n para la toma de decisiones, que permitan asegurar los recursos materiales y financieros de la instituci\u00f3n.<\/span><\/p>\n<p style=\"text-align: justify\"><span style=\"font-size: small\"><!-- [if gte mso 9]&gt;--><\/span><\/p>\n<p><a href=\"http:\/\/www.cent.uo.edu.cu\/cnea\/files\/2017\/09\/Lyxy1.png\"><img loading=\"lazy\" decoding=\"async\" class=\"alignleft wp-image-3310 \" src=\"http:\/\/www.cent.uo.edu.cu\/cnea\/files\/2017\/09\/Lyxy1-300x211.png\" alt=\"\" width=\"192\" height=\"144\"><\/a><br \/>\n&nbsp;<\/p>\n<p><strong>Especialista Econ\u00f3mica Principal:<\/strong> Lic. Lyxy Rafaela Rivera Rodr\u00edguez<br \/>\n<strong>E-mail:<\/strong> <u><a href=\"mailto:ileanat@uo.edu.cu\">lrivera@uo.edu.cu<\/a><\/u><\/p>\n<p><img loading=\"lazy\" decoding=\"async\" class=\"wp-image-4422 alignleft\" src=\"http:\/\/www.cent.uo.edu.cu\/cnea\/files\/2019\/09\/foto-angel-300x131.png\" alt=\"\" width=\"217\" height=\"95\" srcset=\"https:\/\/www.cent.uo.edu.cu\/cnea\/files\/2019\/09\/foto-angel-300x131.png 300w, https:\/\/www.cent.uo.edu.cu\/cnea\/files\/2019\/09\/foto-angel.png 610w\" sizes=\"auto, (max-width: 217px) 100vw, 217px\" \/><strong>Director Econ\u00f3mico:<\/strong> Lic. \u00c1ngel Luis P\u00e9rez Arias<br \/>\n<strong>E-mail:<\/strong> <u><a href=\"mailto:ileanat@uo.edu.cu\">angel.pereza@uo.edu.cu<\/a><\/u><br \/>\n&nbsp;<br \/>\n&nbsp;<\/p>\n<p><span style=\"font-size: small\">Integrada por un colectivo de&nbsp; trabajadores que garantizan e implementan los siguientes procesos: Finanzas, Contabilidad,Caja, Inventarios, Activos fijos tangibles y medios en uso, Planificaci\u00f3n y estad\u00edstica.<\/span><\/p>\n<p>&nbsp;<\/p>\n","protected":false},"excerpt":{"rendered":"<p>MISI\u00d3N Garantizar el registro y control de las operaciones econ\u00f3micas del CNEA, conforme a los marcos regulatorios vigentes, y establecer un proceso eficiente de planeaci\u00f3n, [&#8230;]<\/p>\n","protected":false},"author":5,"featured_media":0,"parent":104,"menu_order":0,"comment_status":"closed","ping_status":"closed","template":"","meta":{"ngg_post_thumbnail":0,"footnotes":""},"class_list":["post-409","page","type-page","status-publish","hentry"],"_links":{"self":[{"href":"https:\/\/www.cent.uo.edu.cu\/cnea\/wp-json\/wp\/v2\/pages\/409","targetHints":{"allow":["GET"]}}],"collection":[{"href":"https:\/\/www.cent.uo.edu.cu\/cnea\/wp-json\/wp\/v2\/pages"}],"about":[{"href":"https:\/\/www.cent.uo.edu.cu\/cnea\/wp-json\/wp\/v2\/types\/page"}],"author":[{"embeddable":true,"href":"https:\/\/www.cent.uo.edu.cu\/cnea\/wp-json\/wp\/v2\/users\/5"}],"replies":[{"embeddable":true,"href":"https:\/\/www.cent.uo.edu.cu\/cnea\/wp-json\/wp\/v2\/comments?post=409"}],"version-history":[{"count":29,"href":"https:\/\/www.cent.uo.edu.cu\/cnea\/wp-json\/wp\/v2\/pages\/409\/revisions"}],"predecessor-version":[{"id":4424,"href":"https:\/\/www.cent.uo.edu.cu\/cnea\/wp-json\/wp\/v2\/pages\/409\/revisions\/4424"}],"up":[{"embeddable":true,"href":"https:\/\/www.cent.uo.edu.cu\/cnea\/wp-json\/wp\/v2\/pages\/104"}],"wp:attachment":[{"href":"https:\/\/www.cent.uo.edu.cu\/cnea\/wp-json\/wp\/v2\/media?parent=409"}],"curies":[{"name":"wp","href":"https:\/\/api.w.org\/{rel}","templated":true}]}}