{"id":53,"date":"2013-01-21T17:01:18","date_gmt":"2013-01-21T22:01:18","guid":{"rendered":"http:\/\/www.cent.uo.edu.cu\/cnea\/?page_id=53"},"modified":"2019-08-28T14:38:16","modified_gmt":"2019-08-28T18:38:16","slug":"produccion","status":"publish","type":"page","link":"https:\/\/www.cent.uo.edu.cu\/cnea\/produccion\/","title":{"rendered":"Direcci\u00f3n de Desarrollo Tecnol\u00f3gico"},"content":{"rendered":"<p><strong>MISI\u00d3N<\/strong><\/p>\n<p style=\"text-align: justify\">Generar bienes y servicios para el cumplimiento de los objetivos del centro, as\u00ed como el desarrollo y mantenimiento de la infraestructura, con calidad y profesionalidad para satisfacer al cliente interno y externo<\/p>\n<p style=\"line-height: 30%\"><strong><a href=\"http:\/\/www.cent.uo.edu.cu\/cnea\/files\/2017\/09\/Toni.jpg\"><img loading=\"lazy\" decoding=\"async\" class=\"alignleft  wp-image-3312\" src=\"http:\/\/www.cent.uo.edu.cu\/cnea\/files\/2017\/09\/Toni-300x231.jpg\" alt=\"Ing. Antonio Garc\u00eda Leyva\" width=\"159\" height=\"123\" srcset=\"https:\/\/www.cent.uo.edu.cu\/cnea\/files\/2017\/09\/Toni-300x231.jpg 300w, https:\/\/www.cent.uo.edu.cu\/cnea\/files\/2017\/09\/Toni.jpg 536w\" sizes=\"auto, (max-width: 159px) 100vw, 159px\" \/><\/a><\/strong><\/p>\n<p>&nbsp;<\/p>\n<p style=\"line-height: 30%\"><strong>Director:<\/strong> MSc. Antonio Garc\u00eda Leyva<\/p>\n<p style=\"line-height: 30%\"><strong>E-mail: <\/strong><u><a href=\"mailto:mmaranon@uo.edu.cu\">tony@uo.edu.cu<\/a><\/u><\/p>\n<p style=\"line-height: 30%\"><strong>Curriculum vitae:<\/strong> (no disponible)<\/p>\n<p>&nbsp;<\/p>\n<p style=\"text-align: justify\"><strong>L\u00cdNEAS DE PRODUCCI\u00d3N<\/strong><\/p>\n<p style=\"text-align: justify;line-height: 30%\"><strong>Equipos Industriales<\/strong><\/p>\n<ul style=\"text-align: justify\">\n<li>Acondicionadores magn\u00e9ticos (magnetizadores)<\/li>\n<li><a href=\"http:\/\/www.cent.uo.edu.cu\/cnea\/direccion-de-transferencia\/productos\/magnetizadores\/\">MIPEXT\u00ae<\/a><\/li>\n<li><a href=\"http:\/\/www.cent.uo.edu.cu\/cnea\/direccion-de-transferencia\/productos\/magnetizadores-i\/\">NOVAMAG\u00ae<\/a><\/li>\n<li>Separadores Magn\u00e9ticos:<\/li>\n<li><a href=\"http:\/\/www.cent.uo.edu.cu\/cnea\/direccion-de-transferencia\/productos\/separadores-de-particulas-ferromagneticas\/ferrolab\/\">&nbsp;FERROLAB\u00ae<\/a><\/li>\n<li><a href=\"http:\/\/www.cent.uo.edu.cu\/cnea\/direccion-de-transferencia\/productos\/separadores-de-particulas-ferromagneticas\/ferromag\/\">FERROMAG\u00ae<\/a><\/li>\n<\/ul>\n<p style=\"text-align: justify;line-height: 30%\"><strong>Equipos M\u00e9dicos<\/strong><\/p>\n<ul style=\"text-align: justify\">\n<li>Estimulador Magn\u00e9tico Local NaK, modelo 02<\/li>\n<li><a href=\"http:\/\/www.cent.uo.edu.cu\/cnea\/direccion-de-transferencia\/productos\/estimulador-nak\/\">NaK\u00ae<\/a><\/li>\n<\/ul>\n<p style=\"text-align: justify;line-height: 30%\"><strong>Producciones Agr\u00edcolas<\/strong><\/p>\n<ul style=\"text-align: justify\">\n<li>Hortalizas y vegetales<\/li>\n<li>Plantas ornamentales<\/li>\n<li>Posturas de plantas de dif\u00edcil propagaci\u00f3n<\/li>\n<\/ul>\n<p style=\"text-align: justify;line-height: 30%\"><strong>Servicio Cient\u00edfico-T\u00e9cnicos<\/strong><\/p>\n<ul>\n<li><a href=\"http:\/\/www.cent.uo.edu.cu\/cnea\/caracterizacion-magnetica-y-simulacion-de-campo-magnetico-en-2d-y-3d\/\">Caracterizaci\u00f3n magn\u00e9tica y simulaci\u00f3n de campo magn\u00e9tico en 2D y 3D<\/a><\/li>\n<li><a href=\"http:\/\/www.cent.uo.edu.cu\/cnea\/cuserscnea-noeldesktopfebreroservicioscarga-de-imanes-docx\/\">Carga de imanes y dispositivos ferromagn\u00e9ticos<\/a><\/li>\n<li><a href=\"http:\/\/www.cent.uo.edu.cu\/cnea\/diagnostico-ambiental-integral\/\">An\u00e1lisis ambiental integral<\/a><\/li>\n<li><a href=\"http:\/\/www.cent.uo.edu.cu\/cnea\/analisis-integral-de-agua\/\">An\u00e1lisis integral de agua<\/a><\/li>\n<li><a href=\"http:\/\/www.cent.uo.edu.cu\/cnea\/asesoria-y-diagnostico-contaminacion-electromagnetica\/\">Asesor\u00eda y diagn\u00f3stico de contaminaci\u00f3n electromagn\u00e9tica<\/a><\/li>\n<li><a href=\"http:\/\/www.cent.uo.edu.cu\/cnea\/asesoria-y-diagnostico-para-uso-de-dispositivos-magneticos-en-sistemas-ingenieros\/\">Asesor\u00eda y diagn\u00f3stico para uso de dispositivos magn\u00e9ticos en sistemas ingenieros<\/a><\/li>\n<li><a href=\"http:\/\/www.cent.uo.edu.cu\/cnea\/estimulacion-magnetica-para-cultivos-in-vitro\/\">Estimulaci\u00f3n magn\u00e9tica para cultivos <em>in vitro<\/em><\/a><\/li>\n<li><a href=\"http:\/\/www.cent.uo.edu.cu\/cnea\/analisis-de-gases-contaminates\/\">An\u00e1lisis de gases contaminantes<\/a><\/li>\n<li><a href=\"http:\/\/www.cent.uo.edu.cu\/cnea\/eficiencia-y-sostenibilidad-para-la-industria-hotelera\/\">Eficiencia y sostenibilidad para la industria hotelera<\/a><\/li>\n<li><a href=\"http:\/\/www.cent.uo.edu.cu\/cnea\/asesoria-para-el-ahorro-de-portadores-energeticos\/\">Asesor\u00eda para el ahorro de portadores energ\u00e9ticos<\/a><\/li>\n<li><a href=\"http:\/\/www.cent.uo.edu.cu\/cnea\/rotoevaporacion-de-solventes\/\">Rotoevaporaci\u00f3n de solventes<\/a><\/li>\n<\/ul>\n<p style=\"text-align: justify\">&nbsp;<strong><a href=\"http:\/\/www.cent.uo.edu.cu\/cnea\/files\/2013\/01\/PRODUCCI\u00d3N.jpg\"><img loading=\"lazy\" decoding=\"async\" class=\"aligncenter wp-image-1261 \" src=\"http:\/\/www.cent.uo.edu.cu\/cnea\/files\/2013\/01\/PRODUCCI\u00d3N.jpg\" alt=\"PRODUCCI\u00d3N\" width=\"641\" height=\"170\" srcset=\"https:\/\/www.cent.uo.edu.cu\/cnea\/files\/2013\/01\/PRODUCCI\u00d3N.jpg 1440w, https:\/\/www.cent.uo.edu.cu\/cnea\/files\/2013\/01\/PRODUCCI\u00d3N-300x79.jpg 300w, https:\/\/www.cent.uo.edu.cu\/cnea\/files\/2013\/01\/PRODUCCI\u00d3N-1024x271.jpg 1024w\" sizes=\"auto, (max-width: 641px) 100vw, 641px\" \/><\/a><\/strong><\/p>\n<p style=\"text-align: justify\"><strong>INFRAESTRUCTURA<\/strong><\/p>\n<p style=\"text-align: justify\">Para la realizaci\u00f3n de sus procesos la Direcci\u00f3n de Producci\u00f3n cuenta con:<\/p>\n<ul style=\"text-align: justify\">\n<li>Laboratorio de Caracterizaciones Magn\u00e9ticas<\/li>\n<\/ul>\n<p style=\"line-height: 30%;text-align: justify\">&nbsp;&nbsp;&nbsp;&nbsp;&nbsp; Ofrece los siguientes servicios:<\/p>\n<ol style=\"text-align: justify\">\n<li>Calibraci\u00f3n de instrumentos y dispositivos generadores de campos magn\u00e9ticos (hasta 2 T) est\u00e1ticos y alternos (hasta 20 kHz), tales como gauss\u00edmetros, equipos para la magnetoterapia, magnetizadores e imanes permanentes.<\/li>\n<li>Simulaci\u00f3n de campo magn\u00e9tico en 2D y 3D por el m\u00e9todo de elementos finitos.<\/li>\n<li>Ayuda a la toma de decisi\u00f3n en diferentes situaciones, cuando estas tienen que ver con la adecuaci\u00f3n a las normas internacionales relacionadas con los campos magn\u00e9ticos.<\/li>\n<li>Verificaci\u00f3n de par\u00e1metros asociados a campos electromagn\u00e9ticos, tales como frecuencia, forma de onda, etc.<\/li>\n<\/ol>\n<ul style=\"text-align: justify\">\n<li>Taller de Mec\u00e1nica, equipado con diferentes m\u00e1quinas herramientas.<\/li>\n<\/ul>\n<ul style=\"text-align: justify\">\n<li>Taller de Electr\u00f3nica.<\/li>\n<\/ul>\n<ul>\n<li style=\"text-align: justify\">Parcela experimental de 500 m<sup>2<\/sup>, con dos umbr\u00e1culos.<\/li>\n<\/ul>\n","protected":false},"excerpt":{"rendered":"<p>MISI\u00d3N Generar bienes y servicios para el cumplimiento de los objetivos del centro, as\u00ed como el desarrollo y mantenimiento de la infraestructura, con calidad y [&#8230;]<\/p>\n","protected":false},"author":4,"featured_media":0,"parent":0,"menu_order":0,"comment_status":"closed","ping_status":"closed","template":"","meta":{"ngg_post_thumbnail":0,"footnotes":""},"class_list":["post-53","page","type-page","status-publish","hentry"],"_links":{"self":[{"href":"https:\/\/www.cent.uo.edu.cu\/cnea\/wp-json\/wp\/v2\/pages\/53","targetHints":{"allow":["GET"]}}],"collection":[{"href":"https:\/\/www.cent.uo.edu.cu\/cnea\/wp-json\/wp\/v2\/pages"}],"about":[{"href":"https:\/\/www.cent.uo.edu.cu\/cnea\/wp-json\/wp\/v2\/types\/page"}],"author":[{"embeddable":true,"href":"https:\/\/www.cent.uo.edu.cu\/cnea\/wp-json\/wp\/v2\/users\/4"}],"replies":[{"embeddable":true,"href":"https:\/\/www.cent.uo.edu.cu\/cnea\/wp-json\/wp\/v2\/comments?post=53"}],"version-history":[{"count":52,"href":"https:\/\/www.cent.uo.edu.cu\/cnea\/wp-json\/wp\/v2\/pages\/53\/revisions"}],"predecessor-version":[{"id":4414,"href":"https:\/\/www.cent.uo.edu.cu\/cnea\/wp-json\/wp\/v2\/pages\/53\/revisions\/4414"}],"wp:attachment":[{"href":"https:\/\/www.cent.uo.edu.cu\/cnea\/wp-json\/wp\/v2\/media?parent=53"}],"curies":[{"name":"wp","href":"https:\/\/api.w.org\/{rel}","templated":true}]}}