{"id":688,"date":"2013-07-31T13:47:45","date_gmt":"2013-07-31T17:47:45","guid":{"rendered":"http:\/\/www.cent.uo.edu.cu\/cnea\/?page_id=688"},"modified":"2016-06-25T11:52:34","modified_gmt":"2016-06-25T15:52:34","slug":"iii-foro-de-comunicacion-de-las-ciencias","status":"publish","type":"page","link":"https:\/\/www.cent.uo.edu.cu\/cnea\/direccion-de-investigacion\/publicaciones\/iii-foro-de-comunicacion-de-las-ciencias\/","title":{"rendered":"III Foro de Comunicaci\u00f3n de las ciencias"},"content":{"rendered":"<p>En esta p\u00e1gina puede acceder a los principales art\u00edculos y conferencias expuestas durante las jornadas del III Foro de Comunicaci\u00f3n de las Ciencias<\/p>\n<p style=\"text-align: justify\"><a href=\"http:\/\/www.cent.uo.edu.cu\/cnea\/files\/2013\/07\/Libro-Resumen-III-Foro-de-Comunicaci\u00f3n.pdf\">Libro Resumen III Foro de Comunicaci\u00f3n<\/a><\/p>\n<p style=\"text-align: justify\"><a href=\"http:\/\/www.cent.uo.edu.cu\/cnea\/files\/2013\/07\/Resumen-Relator\u00eda-III-Foro-de-Comunicaci\u00f3n-de-la-Ciencia.pdf\">Resumen Relator\u00eda III Foro de Comunicaci\u00f3n de la Ciencia<\/a><\/p>\n<p style=\"text-align: justify\"><strong>Trabajos presentados al evento:<\/strong><\/p>\n<ol>\n<li style=\"text-align: justify\"><b>La normalizaci\u00f3n de los art\u00edculos cient\u00edficos. Necesidad e importancia<\/b>.\/ Arias-Miguel, M.\/ Centro de Informaci\u00f3n y Gesti\u00f3n Tecnol\u00f3gica (MEGACEN). Santiago de Cuba<\/li>\n<li style=\"text-align: justify\"><b>La comunicaci\u00f3n p\u00fablica de la ciencia y la tecnolog\u00eda experiencia en Santiago de Cuba<\/b>.\/ Roque-Arias, Y. y Cort\u00e9s-Su\u00e1rez, L. \/ Delegaci\u00f3n Territorial del CITMA, Santiago de Cuba. (Descargar: <a href=\"http:\/\/www.cent.uo.edu.cu\/cnea\/files\/2013\/07\/003-Roque-Arias-Yadira-y-Cort\u00e9s-Su\u00e1rez-Liliana.pdf\"> Roque-Arias, Yadira y Cort\u00e9s-Su\u00e1rez, Liliana<\/a>)<\/li>\n<li style=\"text-align: justify\"><b>Estudio semi\u00f3tico sobre cultura cient\u00edfica, percepci\u00f3n social de las ciencias y divulgaci\u00f3n de los avances cient\u00edficos<\/b>.\/ Castillo-Almaguer, D.* y Imbert-Gonz\u00e1lez, J.\/ *Departamento de Letras. Facultad de Humanidades. Universidad de Oriente. (Descargar:<a href=\"http:\/\/www.cent.uo.edu.cu\/cnea\/files\/2013\/07\/004-Castillo-Almaguer-Danay.pdf\"> Castillo-Almaguer, Danay<\/a>)<\/li>\n<li style=\"text-align: justify\"><b>Relaci\u00f3n de los medios de difusi\u00f3n masiva con el Centro de Ling\u00fc\u00edstica Aplicada y su contribuci\u00f3n al buen uso de la lengua materna<\/b>.\/ Jackson-Rodr\u00edguez, D.\/ Centro de Ling\u00fc\u00edstica Aplicada. Santiago de Cuba. (Descargar:<a href=\"http:\/\/www.cent.uo.edu.cu\/cnea\/files\/2013\/07\/007-Jackson-Rodr\u00edguez-Daileen.pdf\">Jackson-Rodr\u00edguez, Daileen<\/a>)<\/li>\n<li style=\"text-align: justify\"><b>Empleo eficiente de los marcadores del discurso en los medios de comunicaci\u00f3n.<\/b>\/ Quintana-Polanco, M.\/ Centro de Ling\u00fc\u00edstica Aplicada. Santiago de Cuba.<\/li>\n<li style=\"text-align: justify\"><b>La tem\u00e1tica afrocubana y los remanentes africanos en los medios de difusi\u00f3n: revista del Caribe<\/b>.\/ P\u00e9rez-Joa, Y.\/ Centro de Ling\u00fc\u00edstica Aplicada. Santiago de Cuba. (Descargar:<a href=\"http:\/\/www.cent.uo.edu.cu\/cnea\/files\/2013\/07\/009-P\u00e9rez-Joa-Yamilka.pdf\">P\u00e9rez-Joa, Yamilka<\/a>)<\/li>\n<li style=\"text-align: justify\"><b>Las Redes Sociales y su papel en la divulgaci\u00f3n de las Ciencias<\/b>.\/ Homer-Reynoso, E.A.\/ Direcci\u00f3n Provincial de Justica de Holgu\u00edn. (Descargar:<a href=\"http:\/\/www.cent.uo.edu.cu\/cnea\/files\/2013\/07\/010-Ever-Reynoso-Ever.pdf\">Ever-Reynoso, Ever<\/a>)<\/li>\n<li style=\"text-align: justify\"><b>Los cient\u00edficos y el reto de la comunicaci\u00f3n cient\u00edfica en la era de la web 2.0: caso CNEA<\/b>.\/ P\u00e9rez-Garc\u00eda, N.\/ Centro Nacional de Electromagnetismo Aplicado (CNEA).<\/li>\n<li style=\"text-align: justify\"><b>Comunicaci\u00f3n de los resultados de la ciencia y la innovaci\u00f3n sobre biofertilizantes en productores agropecuarios del municipio Calixto Garc\u00eda, Cuba<\/b>.\/ Pe\u00f1a-Borrego, M.D.; Mir- Frutos, Z; de Zayas-P\u00e9rez, M.R. y Rodr\u00edguez-Fern\u00e1ndez, R.M.\/ Centro de Estudios para Agroecosistemas \u00c1ridos. Universidad \u201cOscar Lucero Moya\u201d. Holgu\u00edn.<\/li>\n<li style=\"text-align: justify\"><b>Introducci\u00f3n de una encuesta de satisfacci\u00f3n en la telefon\u00eda m\u00f3vil prepago: municipio Santiago de Cuba<\/b>.\/ Cristi\u00e1-Lara, S.\/ Departamento de Sociolog\u00eda. Facultad de Ciencias Sociales. Universidad de Oriente. (Descargar:<a href=\"http:\/\/www.cent.uo.edu.cu\/cnea\/files\/2013\/07\/014-Cristia-Lara-Sahili.pdf\">Cristia-Lara, Sahili<\/a>)<\/li>\n<li style=\"text-align: justify\"><b>Propuesta de Plan de Acciones de Comunicaci\u00f3n cient\u00edfica interna en los centros de investigaci\u00f3n pertenecientes al Ministerio de Ciencia, Tecnolog\u00eda y Medio Ambiente<\/b>.\/ Pelier-Rey, N*; Villal\u00f3n-Garc\u00eda, G.; Cepeda-Guerra, L.\/*Direcci\u00f3n Provincial de Cultura. Santiago de Cuba. (Descargar:<a href=\"http:\/\/www.cent.uo.edu.cu\/cnea\/files\/2013\/07\/015-Pelier-Rey-Noris-et-al.pdf\"> Pelier-Rey, Noris et al<\/a>)<\/li>\n<li style=\"text-align: justify\"><b>Evaluaci\u00f3n del sistema de comunicaci\u00f3n institucional del Centro de Estudios de Biotecnolog\u00eda Industrial<\/b>.\/ Fern\u00e1ndez-Dieguez, V.N.*; Lebeque-P\u00e9rez, Y.; B\u00e1rbara-Grillo, S.; Rodr\u00edguez-P\u00e9rez, S.\/ *Centro de Estudios de Biotecnolog\u00eda Industrial. Universidad de Oriente. (Descargar:<a href=\"http:\/\/www.cent.uo.edu.cu\/cnea\/files\/2013\/07\/016-Fern\u00e1ndez-Dieguez-Viviana-et-al.pdf\"> Fern\u00e1ndez-Dieguez, Viviana et al<\/a>)<\/li>\n<li style=\"text-align: justify\"><b>Propuesta de plan de acciones comunicativas para potenciar la divulgaci\u00f3n cient\u00edfica en el centro de estudios de biotecnolog\u00eda industrial<\/b>.\/ Grillo\u2013P\u00e9rez, S.B.* y D\u00edaz-Portuondo, C.M.\/* Facultad de Humanidades, Universidad de Oriente. (Descargar:<a href=\"http:\/\/www.cent.uo.edu.cu\/cnea\/files\/2013\/07\/017-Grillo-P\u00e9rez-Sonia-y-Portuondo-D\u00edaz-Carmen.pdf\">Grillo-P\u00e9rez, Sonia y Portuondo-D\u00edaz, Carmen<\/a>)<\/li>\n<li style=\"text-align: justify\"><b>Estrategia de gesti\u00f3n del conocimiento y la informaci\u00f3n cient\u00edfica en el Instituto de Biotecnolog\u00edas de las Plantas para incrementar la visibilidad<\/b>.\/ Jim\u00e9nez-Terry, F.A.*; Leiva-Mora, M.; Fern\u00e1ndez-Tejera, O.B., Alvarado-Cap\u00f3, Y. y Agramonte-Pe\u00f1alver, D.\/ *Instituto de Biotecnolog\u00eda de las Plantas. Universidad Central de las Villas. Villa Clara. (Descargar:<a href=\"http:\/\/www.cent.uo.edu.cu\/cnea\/files\/2013\/07\/018-Jimenez-Terry-Felipe-et-al.pdf\"> Jimenez-Terry, Felipe et al<\/a>)<\/li>\n<li style=\"text-align: justify\"><b>Grupo cient\u00edfico estudiantil del Instituto de Biotecnolog\u00eda de las Plantas, modelo para fomentar los resultados de instituciones cient\u00edficas<\/b>.\/ Pichardo-Moya, T.*; Jim\u00e9nez-Terry, F.A.; Agramonte-Pe\u00f1alver, D.; Freire-Seijo, M.; Alvarado-Cap\u00f3, Y.; Leiva-Mora, M.; Acosta-Su\u00e1rez, M.; Roque-Morales, B. y Cruz-Mart\u00edn, M.\/ *Instituto de Biotecnolog\u00eda de las Plantas. Universidad Central de las Villas. Villa Clara. (Descargar:<a href=\"http:\/\/www.cent.uo.edu.cu\/cnea\/files\/2013\/07\/019-Pichardo-Moya-Tatiana-et-al.pdf\">Pichardo-Moya, Tatiana et al<\/a>)<\/li>\n<li style=\"text-align: justify\"><b>Impacto de la oralidad en el desarrollo de la cultura cient\u00edfica de los estudiantes universitarios<\/b>.\/ Vera-Gonce, T.*; P\u00e9rez-Rodr\u00edguez, J.M. y Sosa-Simoniau, I.M.\/* Departamento de Idiomas. Facultad de Humanidades, Universidad de Oriente. (Descargar:<a href=\"http:\/\/www.cent.uo.edu.cu\/cnea\/files\/2013\/07\/020-Vera-Gonce-Tania-et-al.pdf\">Vera-Gonce, Tania et al<\/a>)<\/li>\n<li style=\"text-align: justify\"><b>La competencia comunicativa de una lengua extranjera: un reto en la divulgaci\u00f3n del conocimiento cient\u00edfico<\/b>.\/ Fern\u00e1ndez Leyva, H.*; Portes-Fern\u00e1ndez, Y. y Bandera-N\u00e1poles, A.\/* Departamento de Letras. Facultad de Humanidades. Universidad de Oriente. (Descargar:<a href=\"http:\/\/www.cent.uo.edu.cu\/cnea\/files\/2013\/07\/021-Fern\u00e1ndez-Leyva-Haydee-et-al.pdf\"> Fern\u00e1ndez-Leyva, Haydee et al<\/a>)<\/li>\n<li style=\"text-align: justify\"><b>El desarrollo de la cultura cient\u00edfica a trav\u00e9s del aprendizaje del ingl\u00e9s como lengua extranjera<\/b>.\/ P\u00e9rez-Rodr\u00edguez, J.M.*; Vera-Gonce, T. y Hierrezuelo-P\u00e9rez, R.\/* Departamento de Letras. Facultad de Humanidades. Universidad de Oriente. (Descargar:<a href=\"http:\/\/www.cent.uo.edu.cu\/cnea\/files\/2013\/07\/022-P\u00e9rez-Rodr\u00edguez-Juana-Mar\u00eda-et-al.pdf\"> P\u00e9rez-Rodr\u00edguez, Juana Mar\u00eda et al<\/a>)<\/li>\n<li style=\"text-align: justify\"><b>La comunicaci\u00f3n cient\u00edfica, el perfeccionamiento curricular y el desarrollo territorial<\/b>.\/ D\u00edaz-C\u00f3nsul, A.M.*; Cruz-Baranda, S.S. y P\u00e9rez-Mart\u00ednez, L.\/* Facultad de Ciencias Econ\u00f3micas y Empresariales. Universidad de Oriente. (Descargar:<a href=\"http:\/\/www.cent.uo.edu.cu\/cnea\/files\/2013\/07\/023-D\u00edaz-Consul-Adela-Mar\u00eda-et-al.pdf\">D\u00edaz-Consul, Adela Mar\u00eda et al<\/a>)<\/li>\n<\/ol>\n<p style=\"text-align: justify\">\n","protected":false},"excerpt":{"rendered":"<p>En esta p\u00e1gina puede acceder a los principales art\u00edculos y conferencias expuestas durante las jornadas del III Foro de Comunicaci\u00f3n de las Ciencias <a href=\"http:\/\/www.cent.uo.edu.cu\/cnea\/files\/2013\/07\/Libro-Resumen-III-Foro-de-Comunicaci\u00f3n.pdf\">Libro [&#8230;]<\/p>\n","protected":false},"author":5,"featured_media":0,"parent":41,"menu_order":0,"comment_status":"closed","ping_status":"closed","template":"","meta":{"ngg_post_thumbnail":0,"footnotes":""},"class_list":["post-688","page","type-page","status-publish","hentry"],"_links":{"self":[{"href":"https:\/\/www.cent.uo.edu.cu\/cnea\/wp-json\/wp\/v2\/pages\/688","targetHints":{"allow":["GET"]}}],"collection":[{"href":"https:\/\/www.cent.uo.edu.cu\/cnea\/wp-json\/wp\/v2\/pages"}],"about":[{"href":"https:\/\/www.cent.uo.edu.cu\/cnea\/wp-json\/wp\/v2\/types\/page"}],"author":[{"embeddable":true,"href":"https:\/\/www.cent.uo.edu.cu\/cnea\/wp-json\/wp\/v2\/users\/5"}],"replies":[{"embeddable":true,"href":"https:\/\/www.cent.uo.edu.cu\/cnea\/wp-json\/wp\/v2\/comments?post=688"}],"version-history":[{"count":7,"href":"https:\/\/www.cent.uo.edu.cu\/cnea\/wp-json\/wp\/v2\/pages\/688\/revisions"}],"predecessor-version":[{"id":2777,"href":"https:\/\/www.cent.uo.edu.cu\/cnea\/wp-json\/wp\/v2\/pages\/688\/revisions\/2777"}],"up":[{"embeddable":true,"href":"https:\/\/www.cent.uo.edu.cu\/cnea\/wp-json\/wp\/v2\/pages\/41"}],"wp:attachment":[{"href":"https:\/\/www.cent.uo.edu.cu\/cnea\/wp-json\/wp\/v2\/media?parent=688"}],"curies":[{"name":"wp","href":"https:\/\/api.w.org\/{rel}","templated":true}]}}